{"id":40,"date":"2024-09-18T20:58:58","date_gmt":"2024-09-18T19:58:58","guid":{"rendered":"https:\/\/temp.pynto.co.uk\/?page_id=40"},"modified":"2024-10-21T13:09:38","modified_gmt":"2024-10-21T12:09:38","slug":"biocredito","status":"publish","type":"page","link":"https:\/\/biocredito.it\/it\/","title":{"rendered":"Biocredito home page"},"content":{"rendered":"<h2 class=\"wp-block-heading\">Biocredito: Agenzia per la biodiversit\u00e0 e il ripristino del paesaggio italiano<\/h2>\n\n\n\n<div class=\"wp-block-group alignwide has-background is-layout-constrained wp-container-core-group-is-layout-2736f178 wp-block-group-is-layout-constrained\" style=\"background-color:#114235;min-height:0px;padding-top:var(--wp--preset--spacing--60);padding-right:var(--wp--preset--spacing--50);padding-bottom:var(--wp--preset--spacing--60);padding-left:var(--wp--preset--spacing--50);background-image:url(&apos;https:\/\/biocredito.it\/wp-content\/uploads\/2024\/10\/daniele-franchi-E4NydRsOpcg-unsplash-1000px.jpg&apos;);background-position:65% 49%;background-size:cover;\">\n<div style=\"height:15px\" aria-hidden=\"true\" class=\"wp-block-spacer\"><\/div>\n\n\n\n<p class=\"has-text-align-center home-quote has-ast-global-color-8-color has-text-color has-link-color wp-elements-f1156154af6fda9c7e160412078d90af\" style=\"font-size:32px;font-style:normal;font-weight:100;line-height:1.6\">&#8220;<em>il bel paese<br>ch&#8217;Appennin parte e &#8216;l mar circonda et l&#8217;Alpe<\/em>&#8220;<\/p>\n\n\n\n<div style=\"height:240px\" aria-hidden=\"true\" class=\"wp-block-spacer\"><\/div>\n\n\n\n<p class=\"has-text-align-center text-shadow has-ast-global-color-5-color has-text-color has-link-color wp-elements-11d3ba2ff9e56be15e47f59f9d438e90\" style=\"font-size:20px;font-style:normal;font-weight:200\"><em>(that beautiful country<\/em> <em>which the Apennines divide, and Alps and sea surround)<\/em><\/p>\n\n\n\n<p class=\"has-text-align-center has-ast-global-color-5-color has-text-color has-link-color wp-elements-3ccbd7c5a978453fa7a4a449951100b6\" style=\"font-size:16px;font-style:normal;font-weight:200\">(<a href=\"https:\/\/it.wikipedia.org\/wiki\/Petrarca\">Petrarca<\/a>,\u00a0<a href=\"https:\/\/it.wikipedia.org\/wiki\/Canzoniere_(Petrarca)\"><em>Canzoniere<\/em><\/a>, <a href=\"https:\/\/en.wikisource.org\/wiki\/it:Canzoniere_(Rerum_vulgarium_fragmenta)\/O_d%27ardente_vertute_ornata_et_calda\">CXLVI, lines 13-14<\/a>)<\/p>\n<\/div>\n\n\n\n<div style=\"height:30px\" aria-hidden=\"true\" class=\"wp-block-spacer\"><\/div>\n\n\n\n<p>Biocredito \u00e8 stata fondata nel 2023 da Adam Eagle, William Pratesi Urquhart ed Edward Cutler con l'obiettivo di esplorare le opportunit\u00e0 attuali e future per l'acquisizione e la gestione di terreni rurali in Italia per fini di conservazione, rigenerazione paesaggistica (rewilding) e applicazione di strumenti e metodi finanziari emergenti per investimenti nella restaurazione della natura e nei servizi ecosistemici. Esplorare e implementare tali opportunit\u00e0 \u00e8 la nostra missione.&nbsp;&nbsp;&nbsp;<\/p>\n\n\n\n<h2 class=\"wp-block-heading\" id=\"how\">Come raggiungeremo questi obiettivi?<\/h2>\n\n\n\n<p>L\u2019abbandono delle terre pastorali collinari e il conseguente spopolamento delle comunit\u00e0 rurali hanno gi\u00e0 lasciato dietro di s\u00e9 un mosaico di campi, foreste e prati abbandonati, con un\u2019enorme espansione della copertura arborea in Italia, oggi stimata oltre il 35% dell\u2019intero territorio. Con oltre il 70% della popolazione che vive ora in aree urbane o periurbane, ogni anno le superfici naturalmente restituite alla natura si espandono di molte migliaia di ettari, e l\u2019aumentata copertura forestale selvaggia offre un\u2019opportunit\u00e0 unica per la crescita e la diversificazione della preziosa flora e fauna italiane.<\/p>\n\n\n\n<p>A un livello pi\u00f9 semplice, i terreni di bassa qualit\u00e0 possono essere convertiti in aree con alta capacit\u00e0 di assorbimento di carbonio e supporto alla biodiversit\u00e0, con potenziale per altri servizi ecosistemici e attivit\u00e0 a basso impatto che migliorano il territorio, come l\u2019ecoturismo e l\u2019agricoltura rigenerativa. Nel contempo, aziende e imprese occidentali stanno gi\u00e0 esplorando i mercati volontari del carbonio e come investire in progetti reali con alto potenziale di sequestro di carbonio e rigenerazione della biodiversit\u00e0. Altrove, politiche in evoluzione stanno trasformando i programmi volontari in obblighi, come il \u201cbiodiversity net gain\u201d nel Regno Unito, con segnali che indicano che presto obblighi simili arriveranno in tutta Europa. Crediamo che l\u2019Italia possa offrire una posizione stabile e verificabile per implementare tali progetti con buoni ritorni quantificabili.<\/p>\n\n\n\n<figure class=\"wp-block-image alignwide size-full\"><img loading=\"lazy\" decoding=\"async\" width=\"900\" height=\"703\" src=\"https:\/\/biocredito.it\/wp-content\/uploads\/2024\/10\/Ibex-2-federico-di-dio.jpg\" alt=\"\" class=\"wp-image-327\" srcset=\"https:\/\/biocredito.it\/wp-content\/uploads\/2024\/10\/Ibex-2-federico-di-dio.jpg 900w, https:\/\/biocredito.it\/wp-content\/uploads\/2024\/10\/Ibex-2-federico-di-dio-300x234.jpg 300w, https:\/\/biocredito.it\/wp-content\/uploads\/2024\/10\/Ibex-2-federico-di-dio-768x600.jpg 768w\" sizes=\"auto, (max-width: 900px) 100vw, 900px\" \/><\/figure>\n\n\n\n<h2 class=\"wp-block-heading\" id=\"why\">Perch\u00e9 \u00e8 necessario?<\/h2>\n\n\n\n<p>L\u2019Italia ha i livelli pi\u00f9 alti di biodiversit\u00e0 in Europa, con 57.000 specie faunistiche e 12.000 specie vegetali, che rappresentano oltre un terzo di tutta la biodiversit\u00e0 europea, e il pi\u00f9 alto numero di specie endemiche non riscontrabili altrove nel continente. Montagne e colline costituiscono il 75% del territorio, con le Alpi che delimitano tutto il confine settentrionale e gli Appennini che dividono il Paese in due, creando una vasta gamma di ambienti ecologici e bioregioni, spesso distanti e isolate dall\u2019attivit\u00e0 umana.&nbsp;&nbsp;<\/p>\n\n\n\n<p>Per questa ragione, l\u2019Italia \u00e8 stata a lungo un rifugio critico per gran parte della fauna europea, offrendo un santuario a specie in pericolo come lo stambecco, sopravvissuto all\u2019estinzione nel suo ultimo rifugio del Gran Paradiso, o il lupo appenninico, che riusc\u00ec a resistere nella riserva reale di caccia degli Appennini in Abruzzo, e i cui discendenti costituiscono quasi tutte le attuali popolazioni europee.&nbsp;<\/p>\n\n\n\n<figure class=\"wp-block-image alignwide size-full\"><img loading=\"lazy\" decoding=\"async\" width=\"900\" height=\"600\" src=\"https:\/\/biocredito.it\/wp-content\/uploads\/2024\/09\/DSCF2394-Edward-Cutler-1.jpg\" alt=\"\" class=\"wp-image-264\" srcset=\"https:\/\/biocredito.it\/wp-content\/uploads\/2024\/09\/DSCF2394-Edward-Cutler-1.jpg 900w, https:\/\/biocredito.it\/wp-content\/uploads\/2024\/09\/DSCF2394-Edward-Cutler-1-300x200.jpg 300w, https:\/\/biocredito.it\/wp-content\/uploads\/2024\/09\/DSCF2394-Edward-Cutler-1-768x512.jpg 768w\" sizes=\"auto, (max-width: 900px) 100vw, 900px\" \/><\/figure>\n\n\n\n<p>Questi luoghi selvaggi sono poi diventati i primi parchi nazionali italiani, dando avvio all\u2019attivit\u00e0 di conservazione del XX secolo, culminata oggi con poco pi\u00f9 del 20% del territorio terrestre e circa il 14% delle aree marine protette. Sebbene i numerosi parchi nazionali e regionali siano stati fondamentali per sostenere la biodiversit\u00e0 del Paese, la loro creazione \u00e8 altamente complessa e politicizzata, con quasi zero possibilit\u00e0 di implementarli in futuro. Il futuro della conservazione in Italia, considerata da molti cruciale per la biodiversit\u00e0 europea, dipende dall\u2019aumento della connettivit\u00e0 tra le aree protette esistenti tramite la creazione di nuove riserve private dedicate alla natura.<\/p>\n\n\n\n<p>In un continente con sempre meno aree selvagge e un collasso generale della biodiversit\u00e0, l\u2019Italia rappresenta uno dei pochi punti luminosi della natura europea. Crediamo che questo enorme patrimonio naturale sia stato largamente trascurato e sottovalutato. Restano vaste aree di paesaggio con utilit\u00e0 limitata o minima per l\u2019attivit\u00e0 umana e con valori fondiari relativamente bassi, che potrebbero essere aggregate e ottimizzate per la conservazione, la rigenerazione della natura e la fornitura di servizi ecosistemici.&nbsp;<\/p>\n\n\n\n<figure class=\"wp-block-image alignwide size-full\"><img loading=\"lazy\" decoding=\"async\" width=\"900\" height=\"600\" src=\"https:\/\/biocredito.it\/wp-content\/uploads\/2024\/10\/Wolf-federico-di-dio.jpg\" alt=\"\" class=\"wp-image-324\" srcset=\"https:\/\/biocredito.it\/wp-content\/uploads\/2024\/10\/Wolf-federico-di-dio.jpg 900w, https:\/\/biocredito.it\/wp-content\/uploads\/2024\/10\/Wolf-federico-di-dio-300x200.jpg 300w, https:\/\/biocredito.it\/wp-content\/uploads\/2024\/10\/Wolf-federico-di-dio-768x512.jpg 768w\" sizes=\"auto, (max-width: 900px) 100vw, 900px\" \/><\/figure>\n\n\n\n<h2 class=\"wp-block-heading\" id=\"what\">Cosa faremo?<\/h2>\n\n\n\n<p>Seguendo esempi pionieristici nel Regno Unito, negli Stati Uniti, in Australia e altrove, lo scopo di Biocredito come&nbsp;<em>Agenzia per la biodiversit\u00e0 e il ripristino del paesaggio italiano<\/em>&nbsp;si articola nei seguenti elementi:<\/p>\n\n\n\n<ul class=\"wp-block-list\">\n<li>Identificazione di progetti: tenute, terreni marginali, abbandonati, sottoutilizzati o inquinati.<\/li>\n\n\n\n<li>Identificazione di terreni non protetti e sottovalutati con potenziale di incremento della biodiversit\u00e0.&nbsp;<\/li>\n\n\n\n<li>Mappatura della biodiversit\u00e0, del carbonio e di altri servizi ecosistemici di questi siti, adottando un approccio al capitale naturale.<\/li>\n\n\n\n<li>Test e implementazione degli ultimi sviluppi nella tecnologia di monitoraggio della biodiversit\u00e0, nonch\u00e9 formazione e impiego di un team di \"contatori della natura\" specializzati.<\/li>\n\n\n\n<li>Sperimentazione e verifica di meccanismi emergenti di scambio di biodiversit\u00e0 e carbonio per identificare i sistemi pi\u00f9 efficaci e le migliori pratiche.&nbsp;<\/li>\n\n\n\n<li>Consulenza sul rewilding, inclusa la pianificazione della creazione e del ripristino dell\u2019habitat.<\/li>\n\n\n\n<li>Utilizzo di una conoscenza e di una familiarit\u00e0 complete con schemi internazionali sullo sviluppo di modelli di pagamento per i servizi ecosistemici, come guadagno netto di biodiversit\u00e0, pagamenti del carbonio e neutralit\u00e0 dei nutrienti.<\/li>\n\n\n\n<li>Sperimentazione e verifica di meccanismi emergenti di scambio di biodiversit\u00e0 e carbonio per identificare i sistemi pi\u00f9 efficaci e le migliori pratiche.&nbsp;<\/li>\n\n\n\n<li>Pianificazione esperta della creazione e del ripristino dell\u2019habitat.<\/li>\n\n\n\n<li>Consulenza per i proprietari terrieri su come possono essere pagati per il rewilding e sul ripristino dei loro terreni, inclusa la dimostrazione di alternative ai pagamenti della PAC.<\/li>\n\n\n\n<li>Trovare e garantire finanziamenti e incentivi.<\/li>\n\n\n\n<li>Acquistare o affittare terreni da convertire in natura.<\/li>\n\n\n\n<li>Implementare la produzione, la registrazione e la vendita di crediti di carbonio e biodiversit\u00e0.<\/li>\n\n\n\n<li>Assistere aziende e investitori nell'identificazione e nell'acquisto di terreni per il ripristino compensativo dell'ecosistema, inclusa la gestione dei processi di ripristino, certificazione, registrazione e verifica.&nbsp;<\/li>\n<\/ul>\n\n\n\n<figure class=\"wp-block-image alignwide size-full\"><img loading=\"lazy\" decoding=\"async\" width=\"900\" height=\"556\" src=\"https:\/\/biocredito.it\/wp-content\/uploads\/2024\/10\/matteo-del-piano-3xvg48UHmAA-unsplash.jpg\" alt=\"\" class=\"wp-image-336\" srcset=\"https:\/\/biocredito.it\/wp-content\/uploads\/2024\/10\/matteo-del-piano-3xvg48UHmAA-unsplash.jpg 900w, https:\/\/biocredito.it\/wp-content\/uploads\/2024\/10\/matteo-del-piano-3xvg48UHmAA-unsplash-300x185.jpg 300w, https:\/\/biocredito.it\/wp-content\/uploads\/2024\/10\/matteo-del-piano-3xvg48UHmAA-unsplash-768x474.jpg 768w\" sizes=\"auto, (max-width: 900px) 100vw, 900px\" \/><\/figure>\n\n\n\n<p>Nella sua fase iniziale, Biocredito punta a raggiungere i seguenti obiettivi:<\/p>\n\n\n\n<p>Creazione di un progetto pilota, idealmente su un sito di almeno 100 ettari, precedentemente destinato ad uso agricolo o industriale, con una combinazione di zonizzazione del paesaggio e alto potenziale di ripristino e incremento della biodiversit\u00e0 in un breve periodo di tempo.\n\nUna mappatura dettagliata della biodiversit\u00e0 e del carbonio sull\u2019intero sito, per stabilire i parametri di base essenziali da cui elaborare un piano completo per migliorare il carbonio e la biodiversit\u00e0, in conformit\u00e0 con codici e registri stabiliti o emergenti, al fine di generare crediti vendibili.&nbsp;&nbsp;<\/p>\n\n\n\n<p>Identificazione di investitori istituzionali e filantropici, italiani e stranieri, disposti a finanziare la teoria e il proof of concept, per fornire la base per un'espansione futura su tutto il territorio.&nbsp;<\/p>\n\n\n\n<p>Prime localit\u00e0 potenziali per il progetto pilota: Lazio, Toscana e Abruzzo.<\/p>\n\n\n\n<h2 class=\"wp-block-heading\">Chi siamo?<\/h2>\n\n\n\n<div class=\"wp-block-buttons is-layout-flex wp-block-buttons-is-layout-flex\">\n<div class=\"wp-block-button\"><a class=\"wp-block-button__link wp-element-button\" href=\"https:\/\/biocredito.it\/biocredito-are\/\">Adam Eagle<\/a><\/div>\n\n\n\n<div class=\"wp-block-button\"><a class=\"wp-block-button__link wp-element-button\" href=\"https:\/\/biocredito.it\/biocredito-are\/#edward-cutler\">Edward Cutler<\/a><\/div>\n\n\n\n<div class=\"wp-block-button\"><a class=\"wp-block-button__link wp-element-button\" href=\"https:\/\/biocredito.it\/biocredito-are\/#william-pratesi-urquhart\">William Pratesi Urquhart<\/a><\/div>\n<\/div>\n\n\n\n<figure class=\"wp-block-image alignwide size-full\"><img loading=\"lazy\" decoding=\"async\" width=\"900\" height=\"529\" src=\"https:\/\/biocredito.it\/wp-content\/uploads\/2024\/10\/fabien-twb-xNwgdoDATCo-unsplash.jpg\" alt=\"\" class=\"wp-image-340\" srcset=\"https:\/\/biocredito.it\/wp-content\/uploads\/2024\/10\/fabien-twb-xNwgdoDATCo-unsplash.jpg 900w, https:\/\/biocredito.it\/wp-content\/uploads\/2024\/10\/fabien-twb-xNwgdoDATCo-unsplash-300x176.jpg 300w, https:\/\/biocredito.it\/wp-content\/uploads\/2024\/10\/fabien-twb-xNwgdoDATCo-unsplash-768x451.jpg 768w\" sizes=\"auto, (max-width: 900px) 100vw, 900px\" \/><\/figure>\n\n\n\n<h2 class=\"wp-block-heading\">Scopri di pi\u00f9<\/h2>\n\n\n\n<div class=\"wp-block-buttons is-layout-flex wp-block-buttons-is-layout-flex\">\n<div class=\"wp-block-button\"><a class=\"wp-block-button__link wp-element-button\" href=\"https:\/\/biocredito.it\/courses\/\">Lavori correlati e corsi<\/a><\/div>\n<\/div>\n\n\n\n<p><\/p>\n\n\n\n<p><\/p>\n\n\n\n<p><\/p>","protected":false},"excerpt":{"rendered":"<p>Biocredito: Agency for Italian biodiversity and landscape restoration &#8220;il bel paesech&#8217;Appennin parte e &#8216;l mar circonda et l&#8217;Alpe&#8220; (that beautiful [&hellip;]<\/p>","protected":false},"author":1,"featured_media":199,"parent":0,"menu_order":0,"comment_status":"closed","ping_status":"closed","template":"","meta":{"site-sidebar-layout":"default","site-content-layout":"","ast-site-content-layout":"narrow-width-container","site-content-style":"boxed","site-sidebar-style":"default","ast-global-header-display":"","ast-banner-title-visibility":"","ast-main-header-display":"","ast-hfb-above-header-display":"","ast-hfb-below-header-display":"","ast-hfb-mobile-header-display":"","site-post-title":"disabled","ast-breadcrumbs-content":"","ast-featured-img":"disabled","footer-sml-layout":"","theme-transparent-header-meta":"","adv-header-id-meta":"","stick-header-meta":"","header-above-stick-meta":"","header-main-stick-meta":"","header-below-stick-meta":"","astra-migrate-meta-layouts":"default","ast-page-background-enabled":"default","ast-page-background-meta":{"desktop":{"background-color":"var(--ast-global-color-4)","background-image":"","background-repeat":"repeat","background-position":"center center","background-size":"auto","background-attachment":"scroll","background-type":"","background-media":"","overlay-type":"","overlay-color":"","overlay-opacity":"","overlay-gradient":""},"tablet":{"background-color":"","background-image":"","background-repeat":"repeat","background-position":"center center","background-size":"auto","background-attachment":"scroll","background-type":"","background-media":"","overlay-type":"","overlay-color":"","overlay-opacity":"","overlay-gradient":""},"mobile":{"background-color":"","background-image":"","background-repeat":"repeat","background-position":"center center","background-size":"auto","background-attachment":"scroll","background-type":"","background-media":"","overlay-type":"","overlay-color":"","overlay-opacity":"","overlay-gradient":""}},"ast-content-background-meta":{"desktop":{"background-color":"var(--ast-global-color-5)","background-image":"","background-repeat":"repeat","background-position":"center center","background-size":"auto","background-attachment":"scroll","background-type":"","background-media":"","overlay-type":"","overlay-color":"","overlay-opacity":"","overlay-gradient":""},"tablet":{"background-color":"var(--ast-global-color-5)","background-image":"","background-repeat":"repeat","background-position":"center center","background-size":"auto","background-attachment":"scroll","background-type":"","background-media":"","overlay-type":"","overlay-color":"","overlay-opacity":"","overlay-gradient":""},"mobile":{"background-color":"var(--ast-global-color-5)","background-image":"","background-repeat":"repeat","background-position":"center center","background-size":"auto","background-attachment":"scroll","background-type":"","background-media":"","overlay-type":"","overlay-color":"","overlay-opacity":"","overlay-gradient":""}},"footnotes":""},"class_list":["post-40","page","type-page","status-publish","has-post-thumbnail","hentry"],"yoast_head":"<!-- This site is optimized with the Yoast SEO plugin v25.9 - https:\/\/yoast.com\/wordpress\/plugins\/seo\/ -->\n<title>Biocredito home page - Biocredito<\/title>\n<meta name=\"robots\" content=\"index, follow, max-snippet:-1, max-image-preview:large, max-video-preview:-1\" \/>\n<link rel=\"canonical\" href=\"https:\/\/biocredito.it\/it\/\" \/>\n<meta property=\"og:locale\" content=\"it_IT\" \/>\n<meta property=\"og:type\" content=\"article\" \/>\n<meta property=\"og:title\" content=\"Biocredito home page - Biocredito\" \/>\n<meta property=\"og:description\" content=\"Biocredito: Agency for Italian biodiversity and landscape restoration &#8220;il bel paesech&#8217;Appennin parte e &#8216;l mar circonda et l&#8217;Alpe&#8220; (that beautiful [&hellip;]\" \/>\n<meta property=\"og:url\" content=\"https:\/\/biocredito.it\/it\/\" \/>\n<meta property=\"og:site_name\" content=\"Biocredito\" \/>\n<meta property=\"article:modified_time\" content=\"2024-10-21T12:09:38+00:00\" \/>\n<meta property=\"og:image\" content=\"https:\/\/biocredito.it\/wp-content\/uploads\/2024\/09\/Biocredito-header.jpg\" \/>\n\t<meta property=\"og:image:width\" content=\"800\" \/>\n\t<meta property=\"og:image:height\" content=\"206\" \/>\n\t<meta property=\"og:image:type\" content=\"image\/jpeg\" \/>\n<meta name=\"twitter:card\" content=\"summary_large_image\" \/>\n<meta name=\"twitter:label1\" content=\"Tempo di lettura stimato\" \/>\n\t<meta name=\"twitter:data1\" content=\"6 minuti\" \/>\n<script type=\"application\/ld+json\" class=\"yoast-schema-graph\">{\"@context\":\"https:\/\/schema.org\",\"@graph\":[{\"@type\":\"WebPage\",\"@id\":\"https:\/\/biocredito.it\/\",\"url\":\"https:\/\/biocredito.it\/\",\"name\":\"Biocredito home page - Biocredito\",\"isPartOf\":{\"@id\":\"https:\/\/biocredito.it\/#website\"},\"primaryImageOfPage\":{\"@id\":\"https:\/\/biocredito.it\/#primaryimage\"},\"image\":{\"@id\":\"https:\/\/biocredito.it\/#primaryimage\"},\"thumbnailUrl\":\"https:\/\/biocredito.it\/wp-content\/uploads\/2024\/09\/Biocredito-header.jpg\",\"datePublished\":\"2024-09-18T19:58:58+00:00\",\"dateModified\":\"2024-10-21T12:09:38+00:00\",\"breadcrumb\":{\"@id\":\"https:\/\/biocredito.it\/#breadcrumb\"},\"inLanguage\":\"it-IT\",\"potentialAction\":[{\"@type\":\"ReadAction\",\"target\":[\"https:\/\/biocredito.it\/\"]}]},{\"@type\":\"ImageObject\",\"inLanguage\":\"it-IT\",\"@id\":\"https:\/\/biocredito.it\/#primaryimage\",\"url\":\"https:\/\/biocredito.it\/wp-content\/uploads\/2024\/09\/Biocredito-header.jpg\",\"contentUrl\":\"https:\/\/biocredito.it\/wp-content\/uploads\/2024\/09\/Biocredito-header.jpg\",\"width\":800,\"height\":206,\"caption\":\"Biocredito\"},{\"@type\":\"BreadcrumbList\",\"@id\":\"https:\/\/biocredito.it\/#breadcrumb\",\"itemListElement\":[{\"@type\":\"ListItem\",\"position\":1,\"name\":\"Home\",\"item\":\"https:\/\/biocredito.it\/\"},{\"@type\":\"ListItem\",\"position\":2,\"name\":\"Biocredito home page\"}]},{\"@type\":\"WebSite\",\"@id\":\"https:\/\/biocredito.it\/#website\",\"url\":\"https:\/\/biocredito.it\/\",\"name\":\"Biocredito\",\"description\":\"Agency for Italian biodiversity and landscape restoration\",\"publisher\":{\"@id\":\"https:\/\/biocredito.it\/#organization\"},\"potentialAction\":[{\"@type\":\"SearchAction\",\"target\":{\"@type\":\"EntryPoint\",\"urlTemplate\":\"https:\/\/biocredito.it\/?s={search_term_string}\"},\"query-input\":{\"@type\":\"PropertyValueSpecification\",\"valueRequired\":true,\"valueName\":\"search_term_string\"}}],\"inLanguage\":\"it-IT\"},{\"@type\":\"Organization\",\"@id\":\"https:\/\/biocredito.it\/#organization\",\"name\":\"Biocredito\",\"url\":\"https:\/\/biocredito.it\/\",\"logo\":{\"@type\":\"ImageObject\",\"inLanguage\":\"it-IT\",\"@id\":\"https:\/\/biocredito.it\/#\/schema\/logo\/image\/\",\"url\":\"https:\/\/biocredito.it\/wp-content\/uploads\/2024\/09\/Asset-3@8x.png\",\"contentUrl\":\"https:\/\/biocredito.it\/wp-content\/uploads\/2024\/09\/Asset-3@8x.png\",\"width\":1277,\"height\":391,\"caption\":\"Biocredito\"},\"image\":{\"@id\":\"https:\/\/biocredito.it\/#\/schema\/logo\/image\/\"}}]}<\/script>\n<!-- \/ Yoast SEO plugin. -->","yoast_head_json":{"title":"Biocredito home page - Biocredito","robots":{"index":"index","follow":"follow","max-snippet":"max-snippet:-1","max-image-preview":"max-image-preview:large","max-video-preview":"max-video-preview:-1"},"canonical":"https:\/\/biocredito.it\/it\/","og_locale":"it_IT","og_type":"article","og_title":"Biocredito home page - Biocredito","og_description":"Biocredito: Agency for Italian biodiversity and landscape restoration &#8220;il bel paesech&#8217;Appennin parte e &#8216;l mar circonda et l&#8217;Alpe&#8220; (that beautiful [&hellip;]","og_url":"https:\/\/biocredito.it\/it\/","og_site_name":"Biocredito","article_modified_time":"2024-10-21T12:09:38+00:00","og_image":[{"width":800,"height":206,"url":"https:\/\/biocredito.it\/wp-content\/uploads\/2024\/09\/Biocredito-header.jpg","type":"image\/jpeg"}],"twitter_card":"summary_large_image","twitter_misc":{"Tempo di lettura stimato":"6 minuti"},"schema":{"@context":"https:\/\/schema.org","@graph":[{"@type":"WebPage","@id":"https:\/\/biocredito.it\/","url":"https:\/\/biocredito.it\/","name":"Biocredito home page - Biocredito","isPartOf":{"@id":"https:\/\/biocredito.it\/#website"},"primaryImageOfPage":{"@id":"https:\/\/biocredito.it\/#primaryimage"},"image":{"@id":"https:\/\/biocredito.it\/#primaryimage"},"thumbnailUrl":"https:\/\/biocredito.it\/wp-content\/uploads\/2024\/09\/Biocredito-header.jpg","datePublished":"2024-09-18T19:58:58+00:00","dateModified":"2024-10-21T12:09:38+00:00","breadcrumb":{"@id":"https:\/\/biocredito.it\/#breadcrumb"},"inLanguage":"it-IT","potentialAction":[{"@type":"ReadAction","target":["https:\/\/biocredito.it\/"]}]},{"@type":"ImageObject","inLanguage":"it-IT","@id":"https:\/\/biocredito.it\/#primaryimage","url":"https:\/\/biocredito.it\/wp-content\/uploads\/2024\/09\/Biocredito-header.jpg","contentUrl":"https:\/\/biocredito.it\/wp-content\/uploads\/2024\/09\/Biocredito-header.jpg","width":800,"height":206,"caption":"Biocredito"},{"@type":"BreadcrumbList","@id":"https:\/\/biocredito.it\/#breadcrumb","itemListElement":[{"@type":"ListItem","position":1,"name":"Home","item":"https:\/\/biocredito.it\/"},{"@type":"ListItem","position":2,"name":"Biocredito home page"}]},{"@type":"WebSite","@id":"https:\/\/biocredito.it\/#website","url":"https:\/\/biocredito.it\/","name":"Biocredito","description":"Agenzia per la biodiversit\u00e0 e il ripristino del paesaggio italiano","publisher":{"@id":"https:\/\/biocredito.it\/#organization"},"potentialAction":[{"@type":"SearchAction","target":{"@type":"EntryPoint","urlTemplate":"https:\/\/biocredito.it\/?s={search_term_string}"},"query-input":{"@type":"PropertyValueSpecification","valueRequired":true,"valueName":"search_term_string"}}],"inLanguage":"it-IT"},{"@type":"Organization","@id":"https:\/\/biocredito.it\/#organization","name":"Biocredito","url":"https:\/\/biocredito.it\/","logo":{"@type":"ImageObject","inLanguage":"it-IT","@id":"https:\/\/biocredito.it\/#\/schema\/logo\/image\/","url":"https:\/\/biocredito.it\/wp-content\/uploads\/2024\/09\/Asset-3@8x.png","contentUrl":"https:\/\/biocredito.it\/wp-content\/uploads\/2024\/09\/Asset-3@8x.png","width":1277,"height":391,"caption":"Biocredito"},"image":{"@id":"https:\/\/biocredito.it\/#\/schema\/logo\/image\/"}}]}},"_links":{"self":[{"href":"https:\/\/biocredito.it\/it\/wp-json\/wp\/v2\/pages\/40","targetHints":{"allow":["GET"]}}],"collection":[{"href":"https:\/\/biocredito.it\/it\/wp-json\/wp\/v2\/pages"}],"about":[{"href":"https:\/\/biocredito.it\/it\/wp-json\/wp\/v2\/types\/page"}],"author":[{"embeddable":true,"href":"https:\/\/biocredito.it\/it\/wp-json\/wp\/v2\/users\/1"}],"replies":[{"embeddable":true,"href":"https:\/\/biocredito.it\/it\/wp-json\/wp\/v2\/comments?post=40"}],"version-history":[{"count":61,"href":"https:\/\/biocredito.it\/it\/wp-json\/wp\/v2\/pages\/40\/revisions"}],"predecessor-version":[{"id":405,"href":"https:\/\/biocredito.it\/it\/wp-json\/wp\/v2\/pages\/40\/revisions\/405"}],"wp:featuredmedia":[{"embeddable":true,"href":"https:\/\/biocredito.it\/it\/wp-json\/wp\/v2\/media\/199"}],"wp:attachment":[{"href":"https:\/\/biocredito.it\/it\/wp-json\/wp\/v2\/media?parent=40"}],"curies":[{"name":"wp","href":"https:\/\/api.w.org\/{rel}","templated":true}]}}